{"id":6,"date":"2011-07-28T08:18:04","date_gmt":"2011-07-28T07:18:04","guid":{"rendered":"http:\/\/hatarbufe.hu\/?page_id=6"},"modified":"2022-01-24T05:50:28","modified_gmt":"2022-01-24T04:50:28","slug":"kapcsolat","status":"publish","type":"page","link":"http:\/\/hatarbufe.hu\/?page_id=6","title":{"rendered":"Kapcsolat"},"content":{"rendered":"<p>Bosny\u00e1k S\u00e1ndor<\/p>\n<p><a href=\"mailto:hatarbufe@hatarbufe.hu\">hatarbufe@hatarbufe.hu<\/a><\/p>\n<p>+36 30 2387-110<\/p>\n<p>Nyitva tart\u00e1s:<\/p>\n<p>Jelenleg z\u00e1rva<\/p>\n","protected":false},"excerpt":{"rendered":"<p>Bosny\u00e1k S\u00e1ndor hatarbufe@hatarbufe.hu +36 30 2387-110 Nyitva tart\u00e1s: Jelenleg z\u00e1rva<\/p>\n","protected":false},"author":1,"featured_media":0,"parent":0,"menu_order":3,"comment_status":"closed","ping_status":"open","template":"","meta":{"footnotes":""},"class_list":["post-6","page","type-page","status-publish","hentry"],"_links":{"self":[{"href":"http:\/\/hatarbufe.hu\/index.php?rest_route=\/wp\/v2\/pages\/6","targetHints":{"allow":["GET"]}}],"collection":[{"href":"http:\/\/hatarbufe.hu\/index.php?rest_route=\/wp\/v2\/pages"}],"about":[{"href":"http:\/\/hatarbufe.hu\/index.php?rest_route=\/wp\/v2\/types\/page"}],"author":[{"embeddable":true,"href":"http:\/\/hatarbufe.hu\/index.php?rest_route=\/wp\/v2\/users\/1"}],"replies":[{"embeddable":true,"href":"http:\/\/hatarbufe.hu\/index.php?rest_route=%2Fwp%2Fv2%2Fcomments&post=6"}],"version-history":[{"count":6,"href":"http:\/\/hatarbufe.hu\/index.php?rest_route=\/wp\/v2\/pages\/6\/revisions"}],"predecessor-version":[{"id":109,"href":"http:\/\/hatarbufe.hu\/index.php?rest_route=\/wp\/v2\/pages\/6\/revisions\/109"}],"wp:attachment":[{"href":"http:\/\/hatarbufe.hu\/index.php?rest_route=%2Fwp%2Fv2%2Fmedia&parent=6"}],"curies":[{"name":"wp","href":"https:\/\/api.w.org\/{rel}","templated":true}]}}