{"id":26,"date":"2012-07-22T07:42:28","date_gmt":"2012-07-22T06:42:28","guid":{"rendered":"http:\/\/hatarbufe.hu\/?page_id=26"},"modified":"2022-01-24T05:50:28","modified_gmt":"2022-01-24T04:50:28","slug":"hirek-cikkek","status":"publish","type":"page","link":"http:\/\/hatarbufe.hu\/?page_id=26","title":{"rendered":"H\u00edrek, cikkek"},"content":{"rendered":"<p><a href=\"http:\/\/www.balatontipp.hu\/index.php?p=strandok&amp;id=430\">A balatontipp.hu le\u00edr\u00e1sa a b\u00fcf\u00e9r\u0151l<\/a><\/p>\n<p><a href=\"http:\/\/www.pbkik.hu\/index.php?id=20259&amp;term\">Sz. Koncz I. le\u00edr\u00e1sa a b\u00fcf\u00e9r\u0151l<\/a><\/p>\n","protected":false},"excerpt":{"rendered":"<p>A balatontipp.hu le\u00edr\u00e1sa a b\u00fcf\u00e9r\u0151l Sz. Koncz I. le\u00edr\u00e1sa a b\u00fcf\u00e9r\u0151l<\/p>\n","protected":false},"author":1,"featured_media":0,"parent":0,"menu_order":2,"comment_status":"closed","ping_status":"open","template":"","meta":{"footnotes":""},"class_list":["post-26","page","type-page","status-publish","hentry"],"_links":{"self":[{"href":"http:\/\/hatarbufe.hu\/index.php?rest_route=\/wp\/v2\/pages\/26","targetHints":{"allow":["GET"]}}],"collection":[{"href":"http:\/\/hatarbufe.hu\/index.php?rest_route=\/wp\/v2\/pages"}],"about":[{"href":"http:\/\/hatarbufe.hu\/index.php?rest_route=\/wp\/v2\/types\/page"}],"author":[{"embeddable":true,"href":"http:\/\/hatarbufe.hu\/index.php?rest_route=\/wp\/v2\/users\/1"}],"replies":[{"embeddable":true,"href":"http:\/\/hatarbufe.hu\/index.php?rest_route=%2Fwp%2Fv2%2Fcomments&post=26"}],"version-history":[{"count":5,"href":"http:\/\/hatarbufe.hu\/index.php?rest_route=\/wp\/v2\/pages\/26\/revisions"}],"predecessor-version":[{"id":29,"href":"http:\/\/hatarbufe.hu\/index.php?rest_route=\/wp\/v2\/pages\/26\/revisions\/29"}],"wp:attachment":[{"href":"http:\/\/hatarbufe.hu\/index.php?rest_route=%2Fwp%2Fv2%2Fmedia&parent=26"}],"curies":[{"name":"wp","href":"https:\/\/api.w.org\/{rel}","templated":true}]}}