{"id":2,"date":"2011-07-28T07:13:33","date_gmt":"2011-07-28T07:13:33","guid":{"rendered":"http:\/\/hatarbufe.hu\/?page_id=2"},"modified":"2022-01-24T05:50:28","modified_gmt":"2022-01-24T04:50:28","slug":"pelda-oldal","status":"publish","type":"page","link":"http:\/\/hatarbufe.hu\/","title":{"rendered":"Kezd\u0151 lap"},"content":{"rendered":"<p>A Balaton d\u00e9li oldal\u00e1n, Balatonszemes \u00e9s Balatonlelle hat\u00e1r\u00e1n tal\u00e1lhat\u00f3 a h\u00edres-nevezetes Hat\u00e1r B\u00fcf\u00e9.<\/p>\n<p>A b\u00fcf\u00e9 m\u00f6g\u00f6tt egy kis szabad strand tal\u00e1lhat\u00f3, melynek ter\u00fclet\u00e9n \u00f6lt\u00f6z\u0151 f\u00fclke (\u00f6ner\u0151b\u0151l fel\u00e1ll\u00edtva), p\u00e1r pad, gyerek homokoz\u00f3, m\u00e1sz\u00f3ka \u00e9s kis r\u00fag\u00f3s hinta tal\u00e1lhat\u00f3. Id\u00e9n ny\u00e1ron, ugyan fizet\u0151s j\u00e1t\u00e9k, de ugr\u00e1l\u00f3 is tal\u00e1lhat\u00f3 a szabad strand ter\u00fclet\u00e9n. A b\u00fcf\u00e9 mellett\u00a0 vezet a Hat\u00e1r utca a v\u00edzhez, melynek v\u00e9ge a v\u00edzben \u00e9r v\u00e9get. Itt cs\u00f3nakot is v\u00edzre lehet tenni.<\/p>\n<p>A b\u00fcf\u00e9ben minden kaphat\u00f3, ami egy balatoni strandol\u00e1shoz kellhet, m\u00e1r ami az ev\u00e9st \u00e9s iv\u00e1st illeti.<\/p>\n<p>&#8211; hideg \u00fcd\u00edt\u0151 italok, r\u00f6vid italok, s\u00f6r\u00f6k (\u00fcveges \u00e9s kors\u00f3s), k\u00e1v\u00e9<\/p>\n<p>&#8211; hekk, hamburger, hot-dog, s\u00fclt krumpli, palacsinta<\/p>\n<p>\u00e9s nem utols\u00f3 sorban a L\u00c1NGOS.<\/p>\n<p>Nem v\u00e9letlen\u00fcl nagy bet\u0171kkel. T\u00f6bben mondj\u00e1k, hogy isteni a hekk (a balatoni :)), a saj\u00e1tos p\u00e1cnak k\u00f6sz\u00f6nhet\u0151en, \u00e1m \u00e9n a hal\u00e9rt nem vagyok oda, ez\u00e9rt err\u0151l nyilatkozni sem tudok. \u00c1m a l\u00e1ngos az valami isteni. Ezt bizton \u00e1ll\u00edthatom.<\/p>\n","protected":false},"excerpt":{"rendered":"<p>A Balaton d\u00e9li oldal\u00e1n, Balatonszemes \u00e9s Balatonlelle hat\u00e1r\u00e1n tal\u00e1lhat\u00f3 a h\u00edres-nevezetes Hat\u00e1r B\u00fcf\u00e9. A b\u00fcf\u00e9 m\u00f6g\u00f6tt egy kis szabad strand tal\u00e1lhat\u00f3, melynek ter\u00fclet\u00e9n \u00f6lt\u00f6z\u0151 f\u00fclke (\u00f6ner\u0151b\u0151l fel\u00e1ll\u00edtva), p\u00e1r pad, gyerek homokoz\u00f3, m\u00e1sz\u00f3ka \u00e9s kis r\u00fag\u00f3s hinta tal\u00e1lhat\u00f3. Id\u00e9n ny\u00e1ron, ugyan &hellip; <a href=\"http:\/\/hatarbufe.hu\/\">Egy kattint\u00e1s ide a folytat\u00e1shoz&#8230;. <span class=\"meta-nav\">&rarr;<\/span><\/a><\/p>\n","protected":false},"author":1,"featured_media":0,"parent":0,"menu_order":0,"comment_status":"closed","ping_status":"open","template":"","meta":{"footnotes":""},"class_list":["post-2","page","type-page","status-publish","hentry"],"_links":{"self":[{"href":"http:\/\/hatarbufe.hu\/index.php?rest_route=\/wp\/v2\/pages\/2","targetHints":{"allow":["GET"]}}],"collection":[{"href":"http:\/\/hatarbufe.hu\/index.php?rest_route=\/wp\/v2\/pages"}],"about":[{"href":"http:\/\/hatarbufe.hu\/index.php?rest_route=\/wp\/v2\/types\/page"}],"author":[{"embeddable":true,"href":"http:\/\/hatarbufe.hu\/index.php?rest_route=\/wp\/v2\/users\/1"}],"replies":[{"embeddable":true,"href":"http:\/\/hatarbufe.hu\/index.php?rest_route=%2Fwp%2Fv2%2Fcomments&post=2"}],"version-history":[{"count":11,"href":"http:\/\/hatarbufe.hu\/index.php?rest_route=\/wp\/v2\/pages\/2\/revisions"}],"predecessor-version":[{"id":123,"href":"http:\/\/hatarbufe.hu\/index.php?rest_route=\/wp\/v2\/pages\/2\/revisions\/123"}],"wp:attachment":[{"href":"http:\/\/hatarbufe.hu\/index.php?rest_route=%2Fwp%2Fv2%2Fmedia&parent=2"}],"curies":[{"name":"wp","href":"https:\/\/api.w.org\/{rel}","templated":true}]}}